{"id":66,"date":"2015-08-27T11:28:36","date_gmt":"2015-08-27T11:28:36","guid":{"rendered":"http:\/\/dcis.inf.fu-berlin.de\/home\/?page_id=66"},"modified":"2021-06-03T18:32:43","modified_gmt":"2021-06-03T18:32:43","slug":"imprint","status":"publish","type":"page","link":"https:\/\/dcmlr.inf.fu-berlin.de\/home\/imprint\/","title":{"rendered":"Imprint"},"content":{"rendered":"<h3>Legal Notice according to \u00a7 5 TMG\/ \u00a7 55 RStV<\/h3>\n<p><strong>Institution<\/strong><\/p>\n<p>Freie Universit\u00e4t Berlin<br \/>\nKaiserswerther Stra\u00dfe 16-18<br \/>\n14195 Berlin<\/p>\n<p>Freie Universit\u00e4t Berlin is a statutory body under public law in accordance with \u00a7\u00a71 and 2 of the Berlin Law Relating to Institutions of Higher Learning (Berliner Hochschulgesetz, BerlHG). It is legally represented by the <a href=\"https:\/\/www.fu-berlin.de\/en\/einrichtungen\/organe\/praesidium\/praesident\/index.html\">President<\/a>. (\u00a7 52 BerlHG i.V.m. \u00a7 56 BerlHG) According to \u00a7 89 BerlHG, the competent supervisory authority is the Senate Administration for Education, Youth and Science; Bernhard-Wei\u00df-Stra\u00dfe 6 in 10178 Berlin.<\/p>\n<table>\n<tbody>\n<tr>\n<th id=\"tbl780_20\" style=\"text-align: left;\" scope=\"row\" valign=\"top\">Contact (or editors):<\/th>\n<td headers=\"tbl780_20\" valign=\"top\">\n<table>\n<tbody>\n<tr>\n<td>Address:<\/td>\n<td>Department of Mathematics and Computer Science, Arnimallee 14, 14195 Berlin<\/td>\n<\/tr>\n<tr>\n<td>Telephone:<\/td>\n<td>++49-30-838-54010<\/td>\n<\/tr>\n<tr>\n<td>Telefax:<\/td>\n<td>++49-30-838-56746<\/td>\n<\/tr>\n<\/tbody>\n<\/table>\n<\/td>\n<\/tr>\n<tr>\n<th id=\"tbl780_40\" style=\"text-align: left;\" scope=\"row\" valign=\"top\">Turnover Tax ID:<\/th>\n<td headers=\"tbl780_40\" valign=\"top\">DE 811304768<br \/>\nThe website of Freie Universit\u00e4t Berlin is subject to current <a href=\"https:\/\/www.fu-berlin.de\/en\/redaktion\/copyright\/index.html\">copyright law<\/a><\/td>\n<\/tr>\n<\/tbody>\n<\/table>\n<p>Please also take notice of our <a href=\"https:\/\/www.fu-berlin.de\/en\/redaktion\/disclaimer\/index.html\">disclaimer<\/a><\/p>\n","protected":false},"excerpt":{"rendered":"<p>Legal Notice according to \u00a7 5 TMG\/ \u00a7 55 RStV Institution Freie Universit\u00e4t Berlin Kaiserswerther Stra\u00dfe 16-18 14195 Berlin Freie Universit\u00e4t Berlin is a statutory body under public law in accordance with \u00a7\u00a71 and 2 [&hellip;]<\/p>\n","protected":false},"author":2,"featured_media":0,"parent":0,"menu_order":0,"comment_status":"closed","ping_status":"closed","template":"full-width-page.php","meta":[],"_links":{"self":[{"href":"https:\/\/dcmlr.inf.fu-berlin.de\/home\/wp-json\/wp\/v2\/pages\/66"}],"collection":[{"href":"https:\/\/dcmlr.inf.fu-berlin.de\/home\/wp-json\/wp\/v2\/pages"}],"about":[{"href":"https:\/\/dcmlr.inf.fu-berlin.de\/home\/wp-json\/wp\/v2\/types\/page"}],"author":[{"embeddable":true,"href":"https:\/\/dcmlr.inf.fu-berlin.de\/home\/wp-json\/wp\/v2\/users\/2"}],"replies":[{"embeddable":true,"href":"https:\/\/dcmlr.inf.fu-berlin.de\/home\/wp-json\/wp\/v2\/comments?post=66"}],"version-history":[{"count":11,"href":"https:\/\/dcmlr.inf.fu-berlin.de\/home\/wp-json\/wp\/v2\/pages\/66\/revisions"}],"predecessor-version":[{"id":367,"href":"https:\/\/dcmlr.inf.fu-berlin.de\/home\/wp-json\/wp\/v2\/pages\/66\/revisions\/367"}],"wp:attachment":[{"href":"https:\/\/dcmlr.inf.fu-berlin.de\/home\/wp-json\/wp\/v2\/media?parent=66"}],"curies":[{"name":"wp","href":"https:\/\/api.w.org\/{rel}","templated":true}]}}